{"id":23,"date":"2021-11-01T16:40:00","date_gmt":"2021-11-01T15:40:00","guid":{"rendered":"http:\/\/mestrucsamoi.fr\/collections\/?page_id=23"},"modified":"2025-02-15T22:44:30","modified_gmt":"2025-02-15T21:44:30","slug":"presentation","status":"publish","type":"page","link":"https:\/\/mestrucsamoi.fr\/collections\/presentation\/","title":{"rendered":"Pr\u00e9sentation ~Introduction"},"content":{"rendered":"\n<p><\/p>\n\n\n\n<h2 class=\"wp-block-heading\">* Amis collectionneurs<\/h2>\n\n\n\n<h4 class=\"wp-block-heading\">LEGUFRULABELOPHILIE: collection d&rsquo;\u00e9tiquettes de fruits et l\u00e9gumes<\/h4>\n\n\n\n<p>par cons\u00e9quent je suis <ins>l\u00e9gufrulab\u00e9lophile, collectionneuse d&rsquo;\u00e9tiquettes de fruits et l\u00e9gumes<\/ins><br>et en parall\u00e8le, <ins>collectionneuse de papiers de fruits<\/ins>.<\/p>\n\n\n\n<p>A ce jour, je poss\u00e8de <strong><mark style=\"background-color:rgba(0, 0, 0, 0);color:#a33e00\" class=\"has-inline-color\"><em>47100<\/em><\/mark><\/strong><em><mark style=\"background-color:rgba(0, 0, 0, 0);color:#a33e00\" class=\"has-inline-color\"> \u00e9tiquettes<\/mark><\/em>, r\u00e9parties ainsi:<\/p>\n\n\n\n<ul class=\"wp-block-list\">\n<li>13500 \u00e9tiquettes d&rsquo;agrumes,<\/li>\n\n\n\n<li>12200 \u00e9tiquettes de pommes\/poires,<\/li>\n\n\n\n<li>10500 \u00e9tiquettes de melons\/past\u00e8ques,<\/li>\n\n\n\n<li>6600 \u00e9tiquettes de bananes,<\/li>\n\n\n\n<li>4000 \u00e9tiquettes de mangues,<\/li>\n\n\n\n<li>&#8230; et toutes les autres.<\/li>\n<\/ul>\n\n\n\n<p>Et je d\u00e9passe les <em><mark style=\"background-color:rgba(0, 0, 0, 0);color:#a33e00\" class=\"has-inline-color\"><strong>5500 <\/strong>papiers de fruits<\/mark><\/em>.<\/p>\n\n\n\n<p>Si vous aussi \u00eates collectionneur ou tout simplement curieux, n&rsquo;h\u00e9sitez pas \u00e0 me contacter: <a rel=\"noreferrer noopener\" href=\"mailto:laurence@mestrucsamoi.fr\" data-type=\"mailto\" data-id=\"mailto:laurence@mestrucsamoi.fr\" target=\"_blank\"><span style=\"color:#a35000\" class=\"has-inline-color\">Laurence<\/span><\/a><\/p>\n\n\n\n<p>Aucun achat et aucune vente &#8230; mais les dons sont les bienvenus <img decoding=\"async\" src=\"http:\/\/mestrucsamoi.fr\/etiquettes\/themes\/default\/smilies\/wink.png\" alt=\";-)\"><\/p>\n\n\n\n<p>Je suis de Normandie (entre Evreux et Rouen), possibilit\u00e9 d&rsquo;\u00e9changes en direct si vous passez dans le coin.<\/p>\n\n\n\n<p><\/p>\n\n\n\n<h2 class=\"wp-block-heading\">* Friend collectors<\/h2>\n\n\n\n<h4 class=\"wp-block-heading\">LEGUFRULABELOPHILIE: fruit stickers collection<\/h4>\n\n\n\n<p>so I am <ins>l\u00e9gufrulab\u00e9lophile, fruit stickers collector<\/ins><br>and in parallel, <ins>citrus wrappers collector<\/ins>.<\/p>\n\n\n\n<p>Up to now, I own <em><mark style=\"background-color:rgba(0, 0, 0, 0);color:#a33e00\" class=\"has-inline-color\"><strong>47100<\/strong> stickers<\/mark><\/em>, as follow:<\/p>\n\n\n\n<ul class=\"wp-block-list\">\n<li>13500 citrus stickers,<\/li>\n\n\n\n<li>12200 apple\/pear stickers,<\/li>\n\n\n\n<li>10500 melon\/watermelon stickers,<\/li>\n\n\n\n<li>6600 banana stickers,<\/li>\n\n\n\n<li>4000 mango stickers,<\/li>\n\n\n\n<li>&#8230; and all the others.<\/li>\n<\/ul>\n\n\n\n<p>And I exceed <em><mark style=\"background-color:rgba(0, 0, 0, 0);color:#a33e00\" class=\"has-inline-color\"><strong>5500 <\/strong>citrus wrappers<\/mark>.<\/em><\/p>\n\n\n\n<p>If you are collector too or only curious, do not hesitate to contact me: <a href=\"mailto:laurence@mestrucsamoi.fr\" data-type=\"mailto\" data-id=\"mailto:laurence@mestrucsamoi.fr\" target=\"_blank\" rel=\"noreferrer noopener\"><span style=\"color:#a36200\" class=\"has-inline-color\">Laurence<\/span><\/a><\/p>\n\n\n\n<p>I neither buy nor sell labels but donations are welcome  <img decoding=\"async\" src=\"http:\/\/mestrucsamoi.fr\/etiquettes\/themes\/default\/smilies\/wink.png\" alt=\";-)\"> <\/p>\n","protected":false},"excerpt":{"rendered":"<p>* Amis collectionneurs LEGUFRULABELOPHILIE: collection d&rsquo;\u00e9tiquettes de fruits et l\u00e9gumes par cons\u00e9quent je suis l\u00e9gufrulab\u00e9lophile, collectionneuse d&rsquo;\u00e9tiquettes de fruits et l\u00e9gumeset en parall\u00e8le, collectionneuse de papiers de fruits. A ce jour, je poss\u00e8de 47100 \u00e9tiquettes, r\u00e9parties ainsi: Et je d\u00e9passe les 5500 papiers de fruits. Si vous aussi \u00eates collectionneur ou tout simplement curieux, n&rsquo;h\u00e9sitez [&hellip;]<\/p>\n","protected":false},"author":1,"featured_media":0,"parent":0,"menu_order":1,"comment_status":"closed","ping_status":"closed","template":"","meta":{"_acf_changed":false,"footnotes":""},"class_list":["post-23","page","type-page","status-publish","hentry"],"acf":[],"_links":{"self":[{"href":"https:\/\/mestrucsamoi.fr\/collections\/wp-json\/wp\/v2\/pages\/23","targetHints":{"allow":["GET"]}}],"collection":[{"href":"https:\/\/mestrucsamoi.fr\/collections\/wp-json\/wp\/v2\/pages"}],"about":[{"href":"https:\/\/mestrucsamoi.fr\/collections\/wp-json\/wp\/v2\/types\/page"}],"author":[{"embeddable":true,"href":"https:\/\/mestrucsamoi.fr\/collections\/wp-json\/wp\/v2\/users\/1"}],"replies":[{"embeddable":true,"href":"https:\/\/mestrucsamoi.fr\/collections\/wp-json\/wp\/v2\/comments?post=23"}],"version-history":[{"count":21,"href":"https:\/\/mestrucsamoi.fr\/collections\/wp-json\/wp\/v2\/pages\/23\/revisions"}],"predecessor-version":[{"id":322,"href":"https:\/\/mestrucsamoi.fr\/collections\/wp-json\/wp\/v2\/pages\/23\/revisions\/322"}],"wp:attachment":[{"href":"https:\/\/mestrucsamoi.fr\/collections\/wp-json\/wp\/v2\/media?parent=23"}],"curies":[{"name":"wp","href":"https:\/\/api.w.org\/{rel}","templated":true}]}}